{"id":200,"date":"2026-01-08T11:54:18","date_gmt":"2026-01-08T11:54:18","guid":{"rendered":"https:\/\/rotaclandestina.celeumasandbox.pt\/?page_id=200"},"modified":"2026-02-02T20:31:41","modified_gmt":"2026-02-02T20:31:41","slug":"a-rota-do-sentir","status":"publish","type":"page","link":"https:\/\/rotaclandestina.celeumasandbox.pt\/en\/a-rota-do-sentir\/","title":{"rendered":"Rota do Sentir"},"content":{"rendered":"<p class=\"western\" align=\"left\">A Rota Clandestina \u00e9 um percurso art\u00edstico n\u00f3mada. Parte de resid\u00eancias art\u00edsticas ligadas ao territ\u00f3rio que, por sua vez, d\u00e3o origem a novas cria\u00e7\u00f5es de artes performativas, atrav\u00e9s de coproduc\u00f5es nacionais e internacionais. A Rota pretende potenciar a cidade e o territo\u0301rio enquanto espac\u0327o de criac\u0327a\u0303o, de encontros e interca\u0302mbios regulares entre a comunidade que acolhe projetos residentes, nacionais e\/ou internacionais, bem como os artistas convidados a desenvolver uma obra, em dia\u0301logo direto com o espac\u0327o que habitam.<br \/>\nPromove o ato de cria\u00e7\u00e3o, enquanto sino\u0301nimo de cuidado, por amor a algo ou algue\u0301m, e, consequentemente, desenvolve uma atitude ecolo\u0301gica perante o lugar que habita. Pretende incentivar a colabora\u00e7\u00e3o entre espac\u0327os diversos de um lugar no decurso de um processo criativo: estes espac\u0327os podem incluir um teatro municipal, uma sociedade recreativa, espac\u0327os pu\u0301blicos ou o quarto de um\/a adolescente que o escolhe como mote de criac\u0327a\u0303o.<br \/>\nEm 2025 nasce dentro da atividade da Rota, em colabora\u00e7\u00e3o com o Plano Nacional das Artes, o projeto Rota do Sentir,<br \/>\nespecificamente ligado aos adolescentes, enquanto espelho da sociedade contempor\u00e2nea e da responsabilidade gra\u00fada do mundo adulto.<\/p>","protected":false},"excerpt":{"rendered":"<p>A Rota Clandestina \u00e9 um percurso art\u00edstico n\u00f3mada. Parte de resid\u00eancias art\u00edsticas ligadas ao territ\u00f3rio que, por sua vez, d\u00e3o origem a novas cria\u00e7\u00f5es de artes performativas, atrav\u00e9s de coproduc\u00f5es nacionais e internacionais. A Rota pretende potenciar a cidade e o territo\u0301rio enquanto espac\u0327o de criac\u0327a\u0303o, de encontros e interca\u0302mbios regulares entre a comunidade que [&hellip;]<\/p>","protected":false},"author":1,"featured_media":0,"parent":0,"menu_order":0,"comment_status":"closed","ping_status":"closed","template":"page-about-sentir.php","meta":{"_acf_changed":false,"footnotes":""},"class_list":["post-200","page","type-page","status-publish","hentry"],"acf":[],"_links":{"self":[{"href":"https:\/\/rotaclandestina.celeumasandbox.pt\/en\/wp-json\/wp\/v2\/pages\/200","targetHints":{"allow":["GET"]}}],"collection":[{"href":"https:\/\/rotaclandestina.celeumasandbox.pt\/en\/wp-json\/wp\/v2\/pages"}],"about":[{"href":"https:\/\/rotaclandestina.celeumasandbox.pt\/en\/wp-json\/wp\/v2\/types\/page"}],"author":[{"embeddable":true,"href":"https:\/\/rotaclandestina.celeumasandbox.pt\/en\/wp-json\/wp\/v2\/users\/1"}],"replies":[{"embeddable":true,"href":"https:\/\/rotaclandestina.celeumasandbox.pt\/en\/wp-json\/wp\/v2\/comments?post=200"}],"version-history":[{"count":8,"href":"https:\/\/rotaclandestina.celeumasandbox.pt\/en\/wp-json\/wp\/v2\/pages\/200\/revisions"}],"predecessor-version":[{"id":270,"href":"https:\/\/rotaclandestina.celeumasandbox.pt\/en\/wp-json\/wp\/v2\/pages\/200\/revisions\/270"}],"wp:attachment":[{"href":"https:\/\/rotaclandestina.celeumasandbox.pt\/en\/wp-json\/wp\/v2\/media?parent=200"}],"curies":[{"name":"wp","href":"https:\/\/api.w.org\/{rel}","templated":true}]}}