{"id":189,"date":"2026-01-08T10:18:53","date_gmt":"2026-01-08T10:18:53","guid":{"rendered":"https:\/\/rotaclandestina.celeumasandbox.pt\/?page_id=189"},"modified":"2026-01-31T15:28:02","modified_gmt":"2026-01-31T15:28:02","slug":"contactos","status":"publish","type":"page","link":"https:\/\/rotaclandestina.celeumasandbox.pt\/en\/a-rota\/contactos\/","title":{"rendered":"Contactos"},"content":{"rendered":"<p>Algures fora do mapa<br \/>\nnuma rua linda que n\u00e3o tem n\u00famero<br \/>\nmas sim m\u00faltiplos sentidos.<br \/>\nDescubra por si esta Rota num espet\u00e1culo perto de si.<\/p>","protected":false},"excerpt":{"rendered":"<p>Algures fora do mapa numa rua linda que n\u00e3o tem n\u00famero mas sim m\u00faltiplos sentidos. Descubra por si esta Rota num espet\u00e1culo perto de si.<\/p>","protected":false},"author":1,"featured_media":0,"parent":61,"menu_order":0,"comment_status":"closed","ping_status":"closed","template":"page-contactos.php","meta":{"_acf_changed":false,"footnotes":""},"class_list":["post-189","page","type-page","status-publish","hentry"],"acf":[],"_links":{"self":[{"href":"https:\/\/rotaclandestina.celeumasandbox.pt\/en\/wp-json\/wp\/v2\/pages\/189","targetHints":{"allow":["GET"]}}],"collection":[{"href":"https:\/\/rotaclandestina.celeumasandbox.pt\/en\/wp-json\/wp\/v2\/pages"}],"about":[{"href":"https:\/\/rotaclandestina.celeumasandbox.pt\/en\/wp-json\/wp\/v2\/types\/page"}],"author":[{"embeddable":true,"href":"https:\/\/rotaclandestina.celeumasandbox.pt\/en\/wp-json\/wp\/v2\/users\/1"}],"replies":[{"embeddable":true,"href":"https:\/\/rotaclandestina.celeumasandbox.pt\/en\/wp-json\/wp\/v2\/comments?post=189"}],"version-history":[{"count":7,"href":"https:\/\/rotaclandestina.celeumasandbox.pt\/en\/wp-json\/wp\/v2\/pages\/189\/revisions"}],"predecessor-version":[{"id":217,"href":"https:\/\/rotaclandestina.celeumasandbox.pt\/en\/wp-json\/wp\/v2\/pages\/189\/revisions\/217"}],"up":[{"embeddable":true,"href":"https:\/\/rotaclandestina.celeumasandbox.pt\/en\/wp-json\/wp\/v2\/pages\/61"}],"wp:attachment":[{"href":"https:\/\/rotaclandestina.celeumasandbox.pt\/en\/wp-json\/wp\/v2\/media?parent=189"}],"curies":[{"name":"wp","href":"https:\/\/api.w.org\/{rel}","templated":true}]}}